{"id":299,"date":"2020-03-13T17:26:38","date_gmt":"2020-03-13T17:26:38","guid":{"rendered":"https:\/\/demo.crocoblock.com\/foreo\/?page_id=299"},"modified":"2024-05-27T11:36:53","modified_gmt":"2024-05-27T11:36:53","slug":"rezerva","status":"publish","type":"page","link":"https:\/\/margau-apuseni.ro\/staging\/rezerva\/","title":{"rendered":"Rezerv\u0103"},"content":{"rendered":"\t\t<div data-elementor-type=\"wp-page\" data-elementor-id=\"299\" class=\"elementor elementor-299\" data-elementor-post-type=\"page\">\n\t\t\t\t\t\t<section class=\"elementor-section elementor-top-section elementor-element elementor-element-a859eb8 elementor-section-boxed elementor-section-height-default elementor-section-height-default\" data-id=\"a859eb8\" data-element_type=\"section\" data-settings=\"{&quot;background_background&quot;:&quot;classic&quot;}\">\n\t\t\t\t\t\t\t<div class=\"elementor-background-overlay\"><\/div>\n\t\t\t\t\t\t\t<div class=\"elementor-container elementor-column-gap-default\">\n\t\t\t\t\t<div class=\"elementor-column elementor-col-100 elementor-top-column elementor-element elementor-element-5d97491\" data-id=\"5d97491\" data-element_type=\"column\">\n\t\t\t<div class=\"elementor-widget-wrap elementor-element-populated\">\n\t\t\t\t\t\t<div class=\"elementor-element elementor-element-35d979f elementor-widget elementor-widget-heading\" data-id=\"35d979f\" data-element_type=\"widget\" data-widget_type=\"heading.default\">\n\t\t\t\t<div class=\"elementor-widget-container\">\n\t\t\t<h1 class=\"elementor-heading-title elementor-size-default\">Rezerv\u0103 loca\u021bia noastr\u0103<\/h1>\t\t<\/div>\n\t\t\t\t<\/div>\n\t\t\t\t\t<\/div>\n\t\t<\/div>\n\t\t\t\t\t<\/div>\n\t\t<\/section>\n\t\t<div class=\"elementor-element elementor-element-67108b0 e-flex e-con-boxed e-con e-parent\" data-id=\"67108b0\" data-element_type=\"container\">\n\t\t\t\t\t<div class=\"e-con-inner\">\n\t\t\t\t<div class=\"elementor-element elementor-element-7acc8c9 elementor-widget elementor-widget-heading\" data-id=\"7acc8c9\" data-element_type=\"widget\" data-widget_type=\"heading.default\">\n\t\t\t\t<div class=\"elementor-widget-container\">\n\t\t\t<h2 class=\"elementor-heading-title elementor-size-default\">Loca\u021bia este destinat\u0103 retreat-urilor, \u00eens\u0103 se poate rezerva integral \u0219i pentru dou\u0103 persoane \u00een timpul s\u0103pt\u0103m\u00e2nii.<\/h2>\t\t<\/div>\n\t\t\t\t<\/div>\n\t\t\t\t<div class=\"elementor-element elementor-element-303b46f elementor-widget elementor-widget-text-editor\" data-id=\"303b46f\" data-element_type=\"widget\" data-widget_type=\"text-editor.default\">\n\t\t\t\t<div class=\"elementor-widget-container\">\n\t\t\t\t\t\t\t<i class=\"fa fa-exclamation-circle\"><\/i> Adults Only | F\u0103r\u0103 Petreceri | F\u0103r\u0103 Alcool\t\t\t\t\t\t<\/div>\n\t\t\t\t<\/div>\n\t\t\t\t\t<\/div>\n\t\t\t\t<\/div>\n\t\t<div class=\"elementor-element elementor-element-de7c477 e-flex e-con-boxed e-con e-parent\" data-id=\"de7c477\" data-element_type=\"container\">\n\t\t\t\t\t<div class=\"e-con-inner\">\n\t\t<div class=\"elementor-element elementor-element-31de054 e-flex e-con-boxed e-con e-child\" data-id=\"31de054\" data-element_type=\"container\">\n\t\t\t\t\t<div class=\"e-con-inner\">\n\t\t<div class=\"elementor-element elementor-element-ac841e2 e-con-full e-flex e-con e-child\" data-id=\"ac841e2\" data-element_type=\"container\" data-settings=\"{&quot;background_background&quot;:&quot;classic&quot;}\">\n\t\t\t\t<div class=\"elementor-element elementor-element-4fffa9d elementor-widget elementor-widget-spacer\" data-id=\"4fffa9d\" data-element_type=\"widget\" data-widget_type=\"spacer.default\">\n\t\t\t\t<div class=\"elementor-widget-container\">\n\t\t\t\t\t<div class=\"elementor-spacer\">\n\t\t\t<div class=\"elementor-spacer-inner\"><\/div>\n\t\t<\/div>\n\t\t\t\t<\/div>\n\t\t\t\t<\/div>\n\t\t\t\t<\/div>\n\t\t<div class=\"elementor-element elementor-element-74b42ec e-flex e-con-boxed e-con e-child\" data-id=\"74b42ec\" data-element_type=\"container\">\n\t\t\t\t\t<div class=\"e-con-inner\">\n\t\t\t\t<div class=\"elementor-element elementor-element-c2543cd elementor-widget elementor-widget-menu-anchor\" data-id=\"c2543cd\" data-element_type=\"widget\" data-widget_type=\"menu-anchor.default\">\n\t\t\t\t<div class=\"elementor-widget-container\">\n\t\t\t\t\t<div class=\"elementor-menu-anchor\" id=\"cazare\"><\/div>\n\t\t\t\t<\/div>\n\t\t\t\t<\/div>\n\t\t\t\t<div class=\"elementor-element elementor-element-1bbe162 elementor-widget elementor-widget-heading\" data-id=\"1bbe162\" data-element_type=\"widget\" data-widget_type=\"heading.default\">\n\t\t\t\t<div class=\"elementor-widget-container\">\n\t\t\t<h2 class=\"elementor-heading-title elementor-size-default\"><a href=\"https:\/\/margau-apuseni.ro\/staging\/organizare-retreat-10-locuri\/\">Organizare Retreat 10 locuri<\/a><\/h2>\t\t<\/div>\n\t\t\t\t<\/div>\n\t\t\t\t<div class=\"elementor-element elementor-element-c59a804 elementor-widget elementor-widget-text-editor\" data-id=\"c59a804\" data-element_type=\"widget\" data-widget_type=\"text-editor.default\">\n\t\t\t\t<div class=\"elementor-widget-container\">\n\t\t\t\t\t\t\t<p>Organizeaz\u0103 un retreat la <strong>M\u0103rg\u0103u Apuseni Retreat<\/strong> pentru un grup de maxim 10 persoane. Oaspe\u021bii vor avea acces la piscina \u00eenc\u0103lzit\u0103, teras\u0103 \u0219i foi\u0219or \u0219i se vor bucura de lini\u0219tea naturii, de un spa\u021biu confortabil \u0219i primitor.<\/p>\t\t\t\t\t\t<\/div>\n\t\t\t\t<\/div>\n\t\t\t\t<div class=\"elementor-element elementor-element-b51ebed elementor-widget elementor-widget-button\" data-id=\"b51ebed\" data-element_type=\"widget\" data-widget_type=\"button.default\">\n\t\t\t\t<div class=\"elementor-widget-container\">\n\t\t\t\t\t<div class=\"elementor-button-wrapper\">\n\t\t\t<a class=\"elementor-button elementor-button-link elementor-size-sm\" href=\"https:\/\/margau-apuseni.ro\/staging\/organizare-retreat-10-locuri\/\">\n\t\t\t\t\t\t<span class=\"elementor-button-content-wrapper\">\n\t\t\t\t\t\t<span class=\"elementor-button-icon elementor-align-icon-right\">\n\t\t\t\t<i aria-hidden=\"true\" class=\"fas fa-long-arrow-alt-right\"><\/i>\t\t\t<\/span>\n\t\t\t\t\t\t\t\t\t<span class=\"elementor-button-text\">Vezi detalii<\/span>\n\t\t\t\t\t<\/span>\n\t\t\t\t\t<\/a>\n\t\t<\/div>\n\t\t\t\t<\/div>\n\t\t\t\t<\/div>\n\t\t\t\t\t<\/div>\n\t\t\t\t<\/div>\n\t\t\t\t\t<\/div>\n\t\t\t\t<\/div>\n\t\t<div class=\"elementor-element elementor-element-8eb420f e-flex e-con-boxed e-con e-child\" data-id=\"8eb420f\" data-element_type=\"container\">\n\t\t\t\t\t<div class=\"e-con-inner\">\n\t\t<div class=\"elementor-element elementor-element-f00bd2a e-con-full e-flex e-con e-child\" data-id=\"f00bd2a\" data-element_type=\"container\" data-settings=\"{&quot;background_background&quot;:&quot;classic&quot;}\">\n\t\t\t\t<div class=\"elementor-element elementor-element-d8ec5ac elementor-widget elementor-widget-spacer\" data-id=\"d8ec5ac\" data-element_type=\"widget\" data-widget_type=\"spacer.default\">\n\t\t\t\t<div class=\"elementor-widget-container\">\n\t\t\t\t\t<div class=\"elementor-spacer\">\n\t\t\t<div class=\"elementor-spacer-inner\"><\/div>\n\t\t<\/div>\n\t\t\t\t<\/div>\n\t\t\t\t<\/div>\n\t\t\t\t<\/div>\n\t\t<div class=\"elementor-element elementor-element-e6b8477 e-flex e-con-boxed e-con e-child\" data-id=\"e6b8477\" data-element_type=\"container\">\n\t\t\t\t\t<div class=\"e-con-inner\">\n\t\t\t\t<div class=\"elementor-element elementor-element-52b06ab elementor-widget elementor-widget-heading\" data-id=\"52b06ab\" data-element_type=\"widget\" data-widget_type=\"heading.default\">\n\t\t\t\t<div class=\"elementor-widget-container\">\n\t\t\t<h2 class=\"elementor-heading-title elementor-size-default\"><a href=\"https:\/\/margau-apuseni.ro\/staging\/organizare-retreat-16-locuri\/\">Organizare Retreat 16 locuri<\/a><\/h2>\t\t<\/div>\n\t\t\t\t<\/div>\n\t\t\t\t<div class=\"elementor-element elementor-element-aa19d08 elementor-widget elementor-widget-text-editor\" data-id=\"aa19d08\" data-element_type=\"widget\" data-widget_type=\"text-editor.default\">\n\t\t\t\t<div class=\"elementor-widget-container\">\n\t\t\t\t\t\t\t<p>Pentru grupuri mai mari, cazarea va avea loc \u00een <strong>ambele noastre loca\u021bii<\/strong> \u2013 <strong>M\u0103rg\u0103u Apuseni Retreat<\/strong> \u0219i <strong>Casa M\u0103rg\u0103u<\/strong> \u2013 aflate la 50m una de cealalt\u0103. Acestea ofer\u0103 spa\u021biu de cazare de p\u00e2n\u0103 la <strong>16 oaspe\u021bi<\/strong>, care vor avea acces la piscina \u00eenc\u0103lzit\u0103, teras\u0103 \u0219i foi\u0219or \u0219i se vor bucura de lini\u0219tea naturii, de un spa\u021biu confortabil \u0219i primitor.<\/p>\t\t\t\t\t\t<\/div>\n\t\t\t\t<\/div>\n\t\t\t\t<div class=\"elementor-element elementor-element-75023d0 elementor-widget elementor-widget-button\" data-id=\"75023d0\" data-element_type=\"widget\" data-widget_type=\"button.default\">\n\t\t\t\t<div class=\"elementor-widget-container\">\n\t\t\t\t\t<div class=\"elementor-button-wrapper\">\n\t\t\t<a class=\"elementor-button elementor-button-link elementor-size-sm\" href=\"https:\/\/margau-apuseni.ro\/staging\/organizare-retreat-16-locuri\/\">\n\t\t\t\t\t\t<span class=\"elementor-button-content-wrapper\">\n\t\t\t\t\t\t<span class=\"elementor-button-icon elementor-align-icon-right\">\n\t\t\t\t<i aria-hidden=\"true\" class=\"fas fa-long-arrow-alt-right\"><\/i>\t\t\t<\/span>\n\t\t\t\t\t\t\t\t\t<span class=\"elementor-button-text\">Vezi detalii<\/span>\n\t\t\t\t\t<\/span>\n\t\t\t\t\t<\/a>\n\t\t<\/div>\n\t\t\t\t<\/div>\n\t\t\t\t<\/div>\n\t\t\t\t\t<\/div>\n\t\t\t\t<\/div>\n\t\t\t\t\t<\/div>\n\t\t\t\t<\/div>\n\t\t<div class=\"elementor-element elementor-element-bd81a1c e-flex e-con-boxed e-con e-child\" data-id=\"bd81a1c\" data-element_type=\"container\">\n\t\t\t\t\t<div class=\"e-con-inner\">\n\t\t<div class=\"elementor-element elementor-element-72ee707 e-con-full e-flex e-con e-child\" data-id=\"72ee707\" data-element_type=\"container\" data-settings=\"{&quot;background_background&quot;:&quot;classic&quot;}\">\n\t\t\t\t<div class=\"elementor-element elementor-element-9b06cf5 elementor-widget elementor-widget-spacer\" data-id=\"9b06cf5\" data-element_type=\"widget\" data-widget_type=\"spacer.default\">\n\t\t\t\t<div class=\"elementor-widget-container\">\n\t\t\t\t\t<div class=\"elementor-spacer\">\n\t\t\t<div class=\"elementor-spacer-inner\"><\/div>\n\t\t<\/div>\n\t\t\t\t<\/div>\n\t\t\t\t<\/div>\n\t\t\t\t<\/div>\n\t\t<div class=\"elementor-element elementor-element-e158470 e-flex e-con-boxed e-con e-child\" data-id=\"e158470\" data-element_type=\"container\">\n\t\t\t\t\t<div class=\"e-con-inner\">\n\t\t\t\t<div class=\"elementor-element elementor-element-ad79ebb elementor-widget elementor-widget-heading\" data-id=\"ad79ebb\" data-element_type=\"widget\" data-widget_type=\"heading.default\">\n\t\t\t\t<div class=\"elementor-widget-container\">\n\t\t\t<h2 class=\"elementor-heading-title elementor-size-default\"><a href=\"https:\/\/margau-apuseni.ro\/staging\/rezervare-integrala-2-persoane\/\">Rezervare integral\u0103 loca\u021bie 2 persoane<\/a><\/h2>\t\t<\/div>\n\t\t\t\t<\/div>\n\t\t\t\t<div class=\"elementor-element elementor-element-4bc37be elementor-widget elementor-widget-text-editor\" data-id=\"4bc37be\" data-element_type=\"widget\" data-widget_type=\"text-editor.default\">\n\t\t\t\t<div class=\"elementor-widget-container\">\n\t\t\t\t\t\t\t<p>Po\u021bi rezerva integral loca\u021bia noastr\u0103 \u00een timpul s\u0103pt\u0103m\u00e2nii (de Luni p\u00e2n\u0103 Joi) pentru dou\u0103 persoane. Alege un sejur deosebit, unde ve\u021bi avea acces la piscina \u00eenc\u0103lzit\u0103, teras\u0103 \u0219i foi\u0219or \u0219i v\u0103 ve\u021bi bucura de lini\u0219tea naturii, de un spa\u021biu confortabil \u0219i primitor.<\/p>\t\t\t\t\t\t<\/div>\n\t\t\t\t<\/div>\n\t\t\t\t<div class=\"elementor-element elementor-element-3911583 elementor-widget elementor-widget-button\" data-id=\"3911583\" data-element_type=\"widget\" data-widget_type=\"button.default\">\n\t\t\t\t<div class=\"elementor-widget-container\">\n\t\t\t\t\t<div class=\"elementor-button-wrapper\">\n\t\t\t<a class=\"elementor-button elementor-button-link elementor-size-sm\" href=\"https:\/\/margau-apuseni.ro\/staging\/rezervare-integrala-2-persoane\/\">\n\t\t\t\t\t\t<span class=\"elementor-button-content-wrapper\">\n\t\t\t\t\t\t<span class=\"elementor-button-icon elementor-align-icon-right\">\n\t\t\t\t<i aria-hidden=\"true\" class=\"fas fa-long-arrow-alt-right\"><\/i>\t\t\t<\/span>\n\t\t\t\t\t\t\t\t\t<span class=\"elementor-button-text\">Vezi detalii<\/span>\n\t\t\t\t\t<\/span>\n\t\t\t\t\t<\/a>\n\t\t<\/div>\n\t\t\t\t<\/div>\n\t\t\t\t<\/div>\n\t\t\t\t\t<\/div>\n\t\t\t\t<\/div>\n\t\t\t\t\t<\/div>\n\t\t\t\t<\/div>\n\t\t\t\t\t<\/div>\n\t\t\t\t<\/div>\n\t\t\t\t<\/div>\n\t\t","protected":false},"excerpt":{"rendered":"<p>Rezerv\u0103 loca\u021bia noastr\u0103 Loca\u021bia este destinat\u0103 retreat-urilor, \u00eens\u0103 se poate rezerva integral \u0219i pentru dou\u0103 persoane \u00een timpul s\u0103pt\u0103m\u00e2nii. Adults Only | F\u0103r\u0103 Petreceri | F\u0103r\u0103 Alcool Organizare Retreat 10 locuri Organizeaz\u0103 un retreat la M\u0103rg\u0103u Apuseni Retreat pentru un grup de maxim 10 persoane. Oaspe\u021bii vor avea acces la piscina \u00eenc\u0103lzit\u0103, teras\u0103 \u0219i foi\u0219or [&hellip;]<\/p>\n","protected":false},"author":1,"featured_media":0,"parent":0,"menu_order":0,"comment_status":"closed","ping_status":"closed","template":"elementor_header_footer","meta":{"footnotes":""},"class_list":["post-299","page","type-page","status-publish","hentry"],"_links":{"self":[{"href":"https:\/\/margau-apuseni.ro\/staging\/wp-json\/wp\/v2\/pages\/299","targetHints":{"allow":["GET"]}}],"collection":[{"href":"https:\/\/margau-apuseni.ro\/staging\/wp-json\/wp\/v2\/pages"}],"about":[{"href":"https:\/\/margau-apuseni.ro\/staging\/wp-json\/wp\/v2\/types\/page"}],"author":[{"embeddable":true,"href":"https:\/\/margau-apuseni.ro\/staging\/wp-json\/wp\/v2\/users\/1"}],"replies":[{"embeddable":true,"href":"https:\/\/margau-apuseni.ro\/staging\/wp-json\/wp\/v2\/comments?post=299"}],"version-history":[{"count":50,"href":"https:\/\/margau-apuseni.ro\/staging\/wp-json\/wp\/v2\/pages\/299\/revisions"}],"predecessor-version":[{"id":3405,"href":"https:\/\/margau-apuseni.ro\/staging\/wp-json\/wp\/v2\/pages\/299\/revisions\/3405"}],"wp:attachment":[{"href":"https:\/\/margau-apuseni.ro\/staging\/wp-json\/wp\/v2\/media?parent=299"}],"curies":[{"name":"wp","href":"https:\/\/api.w.org\/{rel}","templated":true}]}}